{"id":11,"date":"2008-07-13T18:40:58","date_gmt":"2008-07-13T16:40:58","guid":{"rendered":"http:\/\/www.kunstgalerie-barbara.de\/Homepage\/blog2\/?page_id=11"},"modified":"2019-03-16T12:43:12","modified_gmt":"2019-03-16T11:43:12","slug":"seelische-und-korperliche-probleme-lassen-sich-nicht-einfach-wegdrucken","status":"publish","type":"page","link":"http:\/\/www.kunstgalerie-barbara.de\/Homepage\/blog2\/seelische-und-korperliche-probleme-lassen-sich-nicht-einfach-wegdrucken\/","title":{"rendered":"Seelische und k\u00f6rperliche Probleme lassen sich nicht einfach wegdr\u00fccken"},"content":{"rendered":"<p>Durch Zufall stie\u00df ich im Fr\u00fchsommer 2002 auf eine Methode sich selbst zu heilen und seine Energien zu aktivieren. Ich suchte schon seit geraumer Zeit etwas \u00fcber die Hom\u00f6opathie hinaus, das ich bei und mit mir selbst anwenden konnte.<\/p>\n<p>Ich besorgte mir also Literatur und fand zun\u00e4chst das Buch \u201cHeilende Ber\u00fchrung\u201d, von Alice Burmeister und Tom Monte verfasst. Es handelte von Jin Shin Juitsu, einer japanischen Methode, die so \u00e4hnlich, wie auch die Akupunktur auf Energiestr\u00f6men basierte, die in Bahnen durch den K\u00f6rper laufen und die es gilt zu aktivieren. Ich las zun\u00e4chst skeptisch und dann immer interessierter.<br \/>\nZun\u00e4chst erst mal, probierte ich aus, was ich da gelesen hatte, n\u00e4mlich meine Handinnenfl\u00e4chen zu aktivieren zu str\u00f6men. Erstaunlicherweise sp\u00fcrte ich fast sofort ein angenehm warmes Gef\u00fchl um meinen Nabel herum, dem Solar Plexus-Gebiet. Es funktionierte also. Ganz traute ich der Sache aber noch nicht. Ich brauchte fast ein Jahr, um mich etwas tiefer in die Materie einzuarbeiten. Dann aber sp\u00fcrte ich endlich, wie sich nach t\u00e4glicher Anwendung mein Allgemeinzustand endlich besserte. Ein Jahr sp\u00e4ter besorgte ich mir noch ein weiteres Buch \u00fcber dieses Thema, von Ilse-Maria Fahrnow, die sich weitaus intensiver mit dem seelisch-geistigen Aspekt des Jin Shin Jyutsu besch\u00e4ftigte. Ich versuchte durch Str\u00f6men (Handauflegen) meine Angst, meine Unruhe in den Griff zu bekommen. Es klappte, zwar nicht sofort, aber wie gesagt, bei t\u00e4glicher Anwendung und mit viel, viel Geduld.<br \/>\nIch hatte zwar etwas gesucht, um meine Schwei\u00dfattacken loszuwerden, hatte jedoch etwas gefunden, dass meiner Seele half mit meinen Problemen besser fertig zu werden. Mit dieser etwas gr\u00f6\u00dferen Ausgeglichenheit halfen dann auch die hom\u00f6opathischen Mittel wieder besser. Meine Leistungsf\u00e4higkeit steigerte sich ganz, ganz langsam und auch das Schwitzen wurde durch die allgemein gr\u00f6\u00dfere Ruhe auf ein etwas ertr\u00e4glichereres Ma\u00df heruntergeschraubt.<br \/>\nIch hatte das Gef\u00fchl durch Jin Shin Jyutsu ein gro\u00dfen Schritt zu mir selbst gemacht zu haben.<br \/>\nTrotz allem versuchte ich meine Schwei\u00dfausbr\u00fcche ganz in den Griff zu bekommen oder besser, zu beseitigen. Ich war mal wieder an einem absoluten Tiefpunkt angekommen und suchte mir eine Heilpraktikerin, denn ich hatte endg\u00fcltig die Schnauze voll, so schrecklich energielos und durch das Schwitzen so stark in meiner Mobilit\u00e4t eingeschr\u00e4nkt zu sein. Ich wollte mit aller Gewalt diesen ganzen Mist loswerden und ich sah die Akupunktur als letzten Versuch an.<\/p>\n<p>Ich wurde also zu Hause von dieser Heilpraktikerin, die sich als Spezialistin f\u00fcr Wechseljahresbeschwerden entpuppte, zun\u00e4chst zweimal, sp\u00e4ter dann einmal pro Woche an verschiedenen Stellen mit Nadeln behandelt.<br \/>\nWas ich nicht realisierte, bei all dem gro\u00dfen Verlangen aus meiner Misere herauszukommen, ich setzte mich selbst unter Druck, zu sehr unter Druck. Nicht zuletzt auch deswegen, weil ich glaubte von meiner Umwelt unter Druck gesetzt zu werden. Es war kein offener, aber ein subtiler. Ich f\u00fchlte mich so grenzenlos verlassen, so ungl\u00fccklich, so traurig, dass ich daran dachte Schluss zu machen, mir das Leben zu nehmen.<br \/>\nMit Akupunktur setzte ich alles auf eine Karte, was nat\u00fcrlich schief gehen musste. Die Schwei\u00dfausbr\u00fcche lie\u00dfen zwar nach, aber die Trauer und Verzweiflung blieben. Statt der Schwei\u00dfausbr\u00fcche setzte nun zu hoher Blutdruck ein.<br \/>\nHeute verstehe ich, dass man seelische und k\u00f6rperliche Probleme nicht einfach \u201cwegdr\u00fccken&#8221; sollte.<\/p>\n","protected":false},"excerpt":{"rendered":"<p>Durch Zufall stie\u00df ich im Fr\u00fchsommer 2002 auf eine Methode sich selbst zu heilen und seine Energien zu aktivieren. Ich suchte schon seit geraumer Zeit etwas \u00fcber die Hom\u00f6opathie hinaus, das ich bei und mit mir selbst anwenden konnte. Ich besorgte mir also Literatur und fand zun\u00e4chst das Buch \u201cHeilende Ber\u00fchrung\u201d, von Alice Burmeister und Tom Monte verfasst. Es handelte von Jin Shin Juitsu, einer japanischen Methode, die so \u00e4hnlich, wie auch die Akupunktur auf Energiestr\u00f6men basierte, die in Bahnen durch den K\u00f6rper laufen und die es gilt zu aktivieren. Ich las zun\u00e4chst skeptisch und dann immer interessierter. Zun\u00e4chst erst mal, probierte ich aus, was ich da gelesen hatte, n\u00e4mlich meine Handinnenfl\u00e4chen zu aktivieren zu str\u00f6men. Erstaunlicherweise sp\u00fcrte ich fast sofort ein angenehm warmes Gef\u00fchl um meinen Nabel herum, dem Solar Plexus-Gebiet. Es funktionierte also. Ganz traute ich der Sache aber noch nicht. Ich brauchte fast ein Jahr, um mich etwas tiefer in die Materie einzuarbeiten. Dann aber sp\u00fcrte ich endlich, wie sich nach t\u00e4glicher Anwendung mein Allgemeinzustand endlich besserte. Ein Jahr sp\u00e4ter besorgte ich mir noch ein weiteres Buch \u00fcber dieses Thema, von Ilse-Maria Fahrnow, die sich weitaus intensiver mit dem seelisch-geistigen Aspekt des Jin Shin Jyutsu besch\u00e4ftigte. Ich versuchte durch Str\u00f6men (Handauflegen) meine Angst, meine Unruhe in den Griff zu bekommen. Es klappte, zwar nicht sofort, aber wie gesagt, bei t\u00e4glicher Anwendung und mit viel, viel Geduld. Ich hatte zwar etwas gesucht, um meine Schwei\u00dfattacken loszuwerden, hatte jedoch etwas gefunden, dass meiner Seele half mit meinen Problemen besser fertig zu werden. Mit dieser etwas gr\u00f6\u00dferen Ausgeglichenheit halfen dann auch die hom\u00f6opathischen Mittel wieder besser. Meine Leistungsf\u00e4higkeit steigerte sich ganz, ganz langsam und auch das Schwitzen wurde durch die allgemein gr\u00f6\u00dfere Ruhe auf ein etwas ertr\u00e4glichereres Ma\u00df heruntergeschraubt. Ich hatte das Gef\u00fchl durch Jin Shin Jyutsu ein gro\u00dfen Schritt zu mir selbst gemacht zu haben. Trotz allem versuchte ich meine Schwei\u00dfausbr\u00fcche ganz in den Griff zu bekommen oder besser, zu beseitigen. Ich war mal wieder an einem absoluten Tiefpunkt angekommen und suchte mir eine Heilpraktikerin, denn ich hatte endg\u00fcltig die Schnauze voll, so schrecklich energielos und durch das Schwitzen so stark in meiner Mobilit\u00e4t eingeschr\u00e4nkt zu sein. Ich wollte mit aller Gewalt diesen ganzen Mist loswerden und ich sah die Akupunktur als letzten Versuch an. Ich wurde also zu Hause von dieser Heilpraktikerin, die sich als Spezialistin f\u00fcr Wechseljahresbeschwerden entpuppte, zun\u00e4chst zweimal, sp\u00e4ter dann einmal pro Woche an verschiedenen Stellen mit Nadeln behandelt. Was ich nicht realisierte, bei all dem gro\u00dfen Verlangen aus meiner Misere herauszukommen, ich setzte mich selbst unter Druck, zu sehr unter Druck. Nicht zuletzt auch deswegen, weil ich glaubte von meiner Umwelt unter Druck gesetzt zu werden. Es war kein offener, aber ein subtiler. Ich f\u00fchlte mich so grenzenlos verlassen, so ungl\u00fccklich, so traurig, dass ich daran dachte Schluss zu machen, mir das Leben zu nehmen. Mit Akupunktur setzte ich alles auf eine Karte, was nat\u00fcrlich schief gehen musste. Die Schwei\u00dfausbr\u00fcche lie\u00dfen zwar nach, aber die Trauer und Verzweiflung blieben. Statt der Schwei\u00dfausbr\u00fcche setzte nun zu hoher Blutdruck ein. Heute verstehe ich, dass man seelische und k\u00f6rperliche Probleme nicht einfach \u201cwegdr\u00fccken&#8221; sollte.<\/p>\n","protected":false},"author":1,"featured_media":0,"parent":0,"menu_order":14,"comment_status":"open","ping_status":"open","template":"","meta":[],"_links":{"self":[{"href":"http:\/\/www.kunstgalerie-barbara.de\/Homepage\/blog2\/wp-json\/wp\/v2\/pages\/11"}],"collection":[{"href":"http:\/\/www.kunstgalerie-barbara.de\/Homepage\/blog2\/wp-json\/wp\/v2\/pages"}],"about":[{"href":"http:\/\/www.kunstgalerie-barbara.de\/Homepage\/blog2\/wp-json\/wp\/v2\/types\/page"}],"author":[{"embeddable":true,"href":"http:\/\/www.kunstgalerie-barbara.de\/Homepage\/blog2\/wp-json\/wp\/v2\/users\/1"}],"replies":[{"embeddable":true,"href":"http:\/\/www.kunstgalerie-barbara.de\/Homepage\/blog2\/wp-json\/wp\/v2\/comments?post=11"}],"version-history":[{"count":1,"href":"http:\/\/www.kunstgalerie-barbara.de\/Homepage\/blog2\/wp-json\/wp\/v2\/pages\/11\/revisions"}],"predecessor-version":[{"id":719,"href":"http:\/\/www.kunstgalerie-barbara.de\/Homepage\/blog2\/wp-json\/wp\/v2\/pages\/11\/revisions\/719"}],"wp:attachment":[{"href":"http:\/\/www.kunstgalerie-barbara.de\/Homepage\/blog2\/wp-json\/wp\/v2\/media?parent=11"}],"curies":[{"name":"wp","href":"https:\/\/api.w.org\/{rel}","templated":true}]}}