{"id":119,"date":"2009-01-13T18:08:57","date_gmt":"2009-01-13T16:08:57","guid":{"rendered":"http:\/\/www.kunstgalerie-barbara.de\/Homepage\/blog2\/?page_id=119"},"modified":"2009-01-13T18:08:57","modified_gmt":"2009-01-13T16:08:57","slug":"viele-tabuthemen%e2%80%a6","status":"publish","type":"page","link":"http:\/\/www.kunstgalerie-barbara.de\/Homepage\/blog2\/viele-tabuthemen%e2%80%a6\/","title":{"rendered":"Viele Tabuthemen\u2026"},"content":{"rendered":"<p>\u2026gibt es in unserer Gesellschaft eins davon, das Klimakterium. Obwohl die Medien sich immer mehr dieses  Themas annehmen, so wird ihm l\u00e4ngst nicht die Aufmerksamkeit zuteil, die es verdient.<br \/>\nMir ist nicht klar, woran dies liegt. Kann es sein, dass es  unter anderem damit zu tun hat, dass dies ein Frauenthema ist und wir Frauen in diesem unserem Land so recht keine Lobby haben? Wenn wir darauf hoffen, dass der m\u00e4nnliche Anteil unserer Gesellschaft sich f\u00fcr uns und unsere Belange stark macht, k\u00f6nnen wir noch sehr lange warten. Wir m\u00fcssen uns also aufraffen und es schon selbst tun. Ich meine sich um unsere Rechte zu k\u00fcmmern und sie durchsetzen. Dies ist, so meine ich die wahre Emanzipation und nicht die falsch verstandene, n\u00e4mlich das Bem\u00fchen mit den M\u00e4nnern in allen Punkten und um jeden Preis gleich zu ziehen.<br \/>\nAlso, ran an den Speck und sich nicht schamhaft verkneifen, wenn es uns mies geht, sondern es die M\u00e4nner, die Welt wissen lassen! Aufm\u00fcpfig sein! Ich wei\u00df, das erfordert Mut aber ohne Mut geht es halt nicht, ohne Mut wird sich nichts \u00e4ndern.<\/p>\n","protected":false},"excerpt":{"rendered":"<p>\u2026gibt es in unserer Gesellschaft eins davon, das Klimakterium. Obwohl die Medien sich immer mehr dieses Themas annehmen, so wird ihm l\u00e4ngst nicht die Aufmerksamkeit zuteil, die es verdient. Mir ist nicht klar, woran dies liegt. Kann es sein, dass es unter anderem damit zu tun hat, dass dies ein Frauenthema ist und wir Frauen in diesem unserem Land so recht keine Lobby haben? Wenn wir darauf hoffen, dass der m\u00e4nnliche Anteil unserer Gesellschaft sich f\u00fcr uns und unsere Belange stark macht, k\u00f6nnen wir noch sehr lange warten. Wir m\u00fcssen uns also aufraffen und es schon selbst tun. Ich meine sich um unsere Rechte zu k\u00fcmmern und sie durchsetzen. Dies ist, so meine ich die wahre Emanzipation und nicht die falsch verstandene, n\u00e4mlich das Bem\u00fchen mit den M\u00e4nnern in allen Punkten und um jeden Preis gleich zu ziehen. Also, ran an den Speck und sich nicht schamhaft verkneifen, wenn es uns mies geht, sondern es die M\u00e4nner, die Welt wissen lassen! Aufm\u00fcpfig sein! Ich wei\u00df, das erfordert Mut aber ohne Mut geht es halt nicht, ohne Mut wird sich nichts \u00e4ndern.<\/p>\n","protected":false},"author":1,"featured_media":0,"parent":0,"menu_order":0,"comment_status":"open","ping_status":"open","template":"","meta":[],"_links":{"self":[{"href":"http:\/\/www.kunstgalerie-barbara.de\/Homepage\/blog2\/wp-json\/wp\/v2\/pages\/119"}],"collection":[{"href":"http:\/\/www.kunstgalerie-barbara.de\/Homepage\/blog2\/wp-json\/wp\/v2\/pages"}],"about":[{"href":"http:\/\/www.kunstgalerie-barbara.de\/Homepage\/blog2\/wp-json\/wp\/v2\/types\/page"}],"author":[{"embeddable":true,"href":"http:\/\/www.kunstgalerie-barbara.de\/Homepage\/blog2\/wp-json\/wp\/v2\/users\/1"}],"replies":[{"embeddable":true,"href":"http:\/\/www.kunstgalerie-barbara.de\/Homepage\/blog2\/wp-json\/wp\/v2\/comments?post=119"}],"version-history":[{"count":1,"href":"http:\/\/www.kunstgalerie-barbara.de\/Homepage\/blog2\/wp-json\/wp\/v2\/pages\/119\/revisions"}],"predecessor-version":[{"id":120,"href":"http:\/\/www.kunstgalerie-barbara.de\/Homepage\/blog2\/wp-json\/wp\/v2\/pages\/119\/revisions\/120"}],"wp:attachment":[{"href":"http:\/\/www.kunstgalerie-barbara.de\/Homepage\/blog2\/wp-json\/wp\/v2\/media?parent=119"}],"curies":[{"name":"wp","href":"https:\/\/api.w.org\/{rel}","templated":true}]}}