{"id":13,"date":"2008-07-13T18:42:21","date_gmt":"2008-07-13T16:42:21","guid":{"rendered":"http:\/\/www.kunstgalerie-barbara.de\/Homepage\/blog2\/?page_id=13"},"modified":"2016-04-21T06:12:05","modified_gmt":"2016-04-21T04:12:05","slug":"die-reaktion-der-manner-auf-die-wechseljahre-der-frau","status":"publish","type":"page","link":"http:\/\/www.kunstgalerie-barbara.de\/Homepage\/blog2\/die-reaktion-der-manner-auf-die-wechseljahre-der-frau\/","title":{"rendered":"Die Reaktion der M\u00e4nner auf die Wechseljahre der Frau"},"content":{"rendered":"<p>Ich glaube, M\u00e4nner f\u00fcrchten die Wechseljahre der Frau ungeheuer, weil es etwas Irrationales in sich birgt, etwas nicht Berechenbares. Dies Unberechenbare tun M\u00e4nner gern als \u201czickig\u201d ab, sie spielen es herunter, entwerten es, um damit umgehen zu k\u00f6nnen.<br \/>\nNun ist es nicht so, dass M\u00e4nner keine problematischen Wechseljahre durchmachen, die sich allerdings nicht so sehr k\u00f6rperlich, daf\u00fcr aber um so mehr seelisch auswirken.<br \/>\nWechseljahre sind scheinbar generell ein Reizthema f\u00fcr M\u00e4nner, ob es sich nun um sie selbst handelt oder um ihre Frauen!<br \/>\nF\u00fcr M\u00e4nner scheint es sehr wichtig zu sein, reibungslos zu funktionieren, ihren K\u00f6rper und ihre Seele als eine \u201cgutge\u00f6lte Maschine\u201d zu begreifen.<br \/>\nWenn M\u00e4nner nun (mein Mann nicht ausgeschlossen) merken, es klappt nicht mehr so mit ihrer Kraft, sie sp\u00fcren, ihre Energie l\u00e4sst nach, verst\u00e4rken sie ihre k\u00f6rperlichen Aktivit\u00e4ten, reagieren rappelig, hysterisch, ja, werden tollk\u00fchn. Es treibt sie zu abenteuerlichen Aktivit\u00e4ten.<br \/>\nSie k\u00f6nnen es nicht ertragen k\u00f6rperlich nicht mehr so fit zu sein. Sie k\u00f6nnen sich nicht mit dem ver\u00e4nderten Zustand arrangieren. Sie begreifen nicht oder nur schwer, dass ihre Seele Zeit und M\u00f6glichkeit braucht sich den Ver\u00e4nderungen anzupassen anzupassen.<br \/>\nM\u00e4nner empfinden die Wechseljahre anscheinend ausschlie\u00dflich als etwas Negatives &#8211; sie k\u00f6nnen die Chance nicht erkennen, die ihnen geboten wird.<br \/>\nAuch bei ihnen ver\u00e4ndert sich der Hormoncocktail und der Zahn der Zeit bei\u00dft zu. Nicht so heftig wie bei Frauen, auch nicht in so rasanter Zeit, aber er bei\u00dft dennoch zu.<br \/>\nM\u00e4nner werden meist nicht so dramatisch mit k\u00f6rperlichen Ver\u00e4nderungen konfrontiert wie wir Frauen.<br \/>\nMeistens leiden sie auch nicht so massiv unter Hitzewallungen und Schwei\u00dfausbr\u00fcchen, unter Angstzust\u00e4nden und Depressionen. Und wenn sie es tun, versuchen sie es \u201cwegzudr\u00fccken\u201d&#8230;&#8230;Ihr K\u00f6rper darf eben nicht ungehorsam sein. Wenn doch, wird er mit st\u00e4rkerer Aktivit\u00e4t bestraft!<br \/>\n\u201cMann\u201d gibt nicht gern zu, dass sowohl m\u00e4nnliche als auch weibliche K\u00f6rper nicht ewig perfekt funktionieren.<br \/>\nEs hat mich harte Diskussionen mit meinem Mann gekostet. Er sollte akzeptieren, was mir da widerfahren war. Ich wollte Akzeptanz, Tolleranz und bekam sie nicht.<br \/>\nIch war in st\u00e4ndiger Verteidigungshaltung und zutiefst verzeifelt. Ich kapierte nicht, warum mein Mann diese f\u00fcr mich so schwierige Zeit nicht akzeptieren wollte.<br \/>\nEr kapselte und schottete sich immer mehr von mir ab. So stark, dass wir kaum noch miteinander sprachen.<br \/>\nIch wollte Diskussionen &#8211; er nicht.<br \/>\nMir wurde langsam klar, dass mein Mann ebenso wie ich in einer Krise steckte, nur nahm er diese Krise nicht zur Kenntnis. Er rannte weiter wie ein Huhn, dem der Kopf abgeschlagen worden war, nur um nicht an das unangenehme Thema heran zu m\u00fcssen.<br \/>\nM\u00e4nner nehmen ihre Krisen, wie gesagt, nicht gern zur Kenntnis und wenn, projezieren sie sie gern auf ihre n\u00e4here Umgebung anstatt sie bei sich selbst zu suchen!<\/p>\n","protected":false},"excerpt":{"rendered":"<p>Ich glaube, M\u00e4nner f\u00fcrchten die Wechseljahre der Frau ungeheuer, weil es etwas Irrationales in sich birgt, etwas nicht Berechenbares. Dies Unberechenbare tun M\u00e4nner gern als \u201czickig\u201d ab, sie spielen es herunter, entwerten es, um damit umgehen zu k\u00f6nnen. Nun ist es nicht so, dass M\u00e4nner keine problematischen Wechseljahre durchmachen, die sich allerdings nicht so sehr k\u00f6rperlich, daf\u00fcr aber um so mehr seelisch auswirken. Wechseljahre sind scheinbar generell ein Reizthema f\u00fcr M\u00e4nner, ob es sich nun um sie selbst handelt oder um ihre Frauen! F\u00fcr M\u00e4nner scheint es sehr wichtig zu sein, reibungslos zu funktionieren, ihren K\u00f6rper und ihre Seele als eine \u201cgutge\u00f6lte Maschine\u201d zu begreifen. Wenn M\u00e4nner nun (mein Mann nicht ausgeschlossen) merken, es klappt nicht mehr so mit ihrer Kraft, sie sp\u00fcren, ihre Energie l\u00e4sst nach, verst\u00e4rken sie ihre k\u00f6rperlichen Aktivit\u00e4ten, reagieren rappelig, hysterisch, ja, werden tollk\u00fchn. Es treibt sie zu abenteuerlichen Aktivit\u00e4ten. Sie k\u00f6nnen es nicht ertragen k\u00f6rperlich nicht mehr so fit zu sein. Sie k\u00f6nnen sich nicht mit dem ver\u00e4nderten Zustand arrangieren. Sie begreifen nicht oder nur schwer, dass ihre Seele Zeit und M\u00f6glichkeit braucht sich den Ver\u00e4nderungen anzupassen anzupassen. M\u00e4nner empfinden die Wechseljahre anscheinend ausschlie\u00dflich als etwas Negatives &#8211; sie k\u00f6nnen die Chance nicht erkennen, die ihnen geboten wird. Auch bei ihnen ver\u00e4ndert sich der Hormoncocktail und der Zahn der Zeit bei\u00dft zu. Nicht so heftig wie bei Frauen, auch nicht in so rasanter Zeit, aber er bei\u00dft dennoch zu. M\u00e4nner werden meist nicht so dramatisch mit k\u00f6rperlichen Ver\u00e4nderungen konfrontiert wie wir Frauen. Meistens leiden sie auch nicht so massiv unter Hitzewallungen und Schwei\u00dfausbr\u00fcchen, unter Angstzust\u00e4nden und Depressionen. Und wenn sie es tun, versuchen sie es \u201cwegzudr\u00fccken\u201d&#8230;&#8230;Ihr K\u00f6rper darf eben nicht ungehorsam sein. Wenn doch, wird er mit st\u00e4rkerer Aktivit\u00e4t bestraft! \u201cMann\u201d gibt nicht gern zu, dass sowohl m\u00e4nnliche als auch weibliche K\u00f6rper nicht ewig perfekt funktionieren. Es hat mich harte Diskussionen mit meinem Mann gekostet. Er sollte akzeptieren, was mir da widerfahren war. Ich wollte Akzeptanz, Tolleranz und bekam sie nicht. Ich war in st\u00e4ndiger Verteidigungshaltung und zutiefst verzeifelt. Ich kapierte nicht, warum mein Mann diese f\u00fcr mich so schwierige Zeit nicht akzeptieren wollte. Er kapselte und schottete sich immer mehr von mir ab. So stark, dass wir kaum noch miteinander sprachen. Ich wollte Diskussionen &#8211; er nicht. Mir wurde langsam klar, dass mein Mann ebenso wie ich in einer Krise steckte, nur nahm er diese Krise nicht zur Kenntnis. Er rannte weiter wie ein Huhn, dem der Kopf abgeschlagen worden war, nur um nicht an das unangenehme Thema heran zu m\u00fcssen. M\u00e4nner nehmen ihre Krisen, wie gesagt, nicht gern zur Kenntnis und wenn, projezieren sie sie gern auf ihre n\u00e4here Umgebung anstatt sie bei sich selbst zu suchen!<\/p>\n","protected":false},"author":1,"featured_media":0,"parent":0,"menu_order":16,"comment_status":"open","ping_status":"open","template":"","meta":[],"_links":{"self":[{"href":"http:\/\/www.kunstgalerie-barbara.de\/Homepage\/blog2\/wp-json\/wp\/v2\/pages\/13"}],"collection":[{"href":"http:\/\/www.kunstgalerie-barbara.de\/Homepage\/blog2\/wp-json\/wp\/v2\/pages"}],"about":[{"href":"http:\/\/www.kunstgalerie-barbara.de\/Homepage\/blog2\/wp-json\/wp\/v2\/types\/page"}],"author":[{"embeddable":true,"href":"http:\/\/www.kunstgalerie-barbara.de\/Homepage\/blog2\/wp-json\/wp\/v2\/users\/1"}],"replies":[{"embeddable":true,"href":"http:\/\/www.kunstgalerie-barbara.de\/Homepage\/blog2\/wp-json\/wp\/v2\/comments?post=13"}],"version-history":[{"count":2,"href":"http:\/\/www.kunstgalerie-barbara.de\/Homepage\/blog2\/wp-json\/wp\/v2\/pages\/13\/revisions"}],"predecessor-version":[{"id":600,"href":"http:\/\/www.kunstgalerie-barbara.de\/Homepage\/blog2\/wp-json\/wp\/v2\/pages\/13\/revisions\/600"}],"wp:attachment":[{"href":"http:\/\/www.kunstgalerie-barbara.de\/Homepage\/blog2\/wp-json\/wp\/v2\/media?parent=13"}],"curies":[{"name":"wp","href":"https:\/\/api.w.org\/{rel}","templated":true}]}}