{"id":142,"date":"2009-06-09T09:24:53","date_gmt":"2009-06-09T07:24:53","guid":{"rendered":"http:\/\/www.kunstgalerie-barbara.de\/Homepage\/blog2\/?page_id=142"},"modified":"2011-01-21T06:12:23","modified_gmt":"2011-01-21T05:12:23","slug":"die-sache-mit-der-schwerkraft","status":"publish","type":"page","link":"http:\/\/www.kunstgalerie-barbara.de\/Homepage\/blog2\/die-sache-mit-der-schwerkraft\/","title":{"rendered":"Das alte Lied mit der Schwerkraft"},"content":{"rendered":"<p>Wir wollen uns doch nichts vormachen, die Wechseljahre sind der \u00dcbergang zum Alter. Jeder der das Gegenteil behauptet, macht sich etwas vor. Nat\u00fcrlich hat das Alter seine ganz entscheidenden Vorteile, etwas gr\u00f6\u00dfere Gelassenheit, nicht Weisheit wohlgemerkt, und gr\u00f6\u00dferes Selbstbewu\u00dftsein.  Beides hat seinen Preis, denn nichts im Leben bekommt man umsonst. Der Tribut  den wir zahlen m\u00fcssen, ist unter anderem eben das das sichtbare Zeichen des Alterns, die Falten und das was die Schwerkraft bei uns Frauen ausl\u00f6st.<!--more--> Das an unserem K\u00f6rper, was vormals straff war, ger\u00e4t langsam immer mehr aus der Form.<br \/>\nAuch eben das, was bei uns zwischen den Ohren sitzt, das Gesicht. Zum Gl\u00fcck geht die Ver\u00e4nderung nicht mit einem Schlag vor sich. Wir nehmen sie nur gelegentlich war und vermutlich dann auch nicht in ihrem ganzen Ausma\u00df, da die meisten sich ja jeden Tag im Spiegel betrachten. Wir gew\u00f6hnen uns an die Ver\u00e4nderungen, was bleibt uns auch anderes \u00fcbrig. Die beste Kosmetik n\u00fctzt da nichts. Allenfalls ein Lifting. Aber das w\u00e4re Mogelei, oder? Das \u00c4u\u00dfere w\u00e4re etwas glatter, aber macht das Innere da mit? Entspricht unsere Seele dann noch der Fassade? Ich glaube nicht.<br \/>\nJa, es ist fies, aber wir m\u00fcssen es hinnehmen, was die Zeit mit uns anstellt, es sei denn wir entscheiden uns rechtzeitig das Zeitliche zu segnen. Aber auch das erledigt das Alter eines Tages von selbst, ohne dass wir selbst eingreifen m\u00fcssen.<\/p>\n","protected":false},"excerpt":{"rendered":"<p>Wir wollen uns doch nichts vormachen, die Wechseljahre sind der \u00dcbergang zum Alter. Jeder der das Gegenteil behauptet, macht sich etwas vor. Nat\u00fcrlich hat das Alter seine ganz entscheidenden Vorteile, etwas gr\u00f6\u00dfere Gelassenheit, nicht Weisheit wohlgemerkt, und gr\u00f6\u00dferes Selbstbewu\u00dftsein. Beides hat seinen Preis, denn nichts im Leben bekommt man umsonst. Der Tribut den wir zahlen m\u00fcssen, ist unter anderem eben das das sichtbare Zeichen des Alterns, die Falten und das was die Schwerkraft bei uns Frauen ausl\u00f6st.<\/p>\n","protected":false},"author":1,"featured_media":0,"parent":0,"menu_order":0,"comment_status":"open","ping_status":"open","template":"","meta":[],"_links":{"self":[{"href":"http:\/\/www.kunstgalerie-barbara.de\/Homepage\/blog2\/wp-json\/wp\/v2\/pages\/142"}],"collection":[{"href":"http:\/\/www.kunstgalerie-barbara.de\/Homepage\/blog2\/wp-json\/wp\/v2\/pages"}],"about":[{"href":"http:\/\/www.kunstgalerie-barbara.de\/Homepage\/blog2\/wp-json\/wp\/v2\/types\/page"}],"author":[{"embeddable":true,"href":"http:\/\/www.kunstgalerie-barbara.de\/Homepage\/blog2\/wp-json\/wp\/v2\/users\/1"}],"replies":[{"embeddable":true,"href":"http:\/\/www.kunstgalerie-barbara.de\/Homepage\/blog2\/wp-json\/wp\/v2\/comments?post=142"}],"version-history":[{"count":4,"href":"http:\/\/www.kunstgalerie-barbara.de\/Homepage\/blog2\/wp-json\/wp\/v2\/pages\/142\/revisions"}],"predecessor-version":[{"id":308,"href":"http:\/\/www.kunstgalerie-barbara.de\/Homepage\/blog2\/wp-json\/wp\/v2\/pages\/142\/revisions\/308"}],"wp:attachment":[{"href":"http:\/\/www.kunstgalerie-barbara.de\/Homepage\/blog2\/wp-json\/wp\/v2\/media?parent=142"}],"curies":[{"name":"wp","href":"https:\/\/api.w.org\/{rel}","templated":true}]}}