{"id":15,"date":"2008-07-13T18:43:22","date_gmt":"2008-07-13T16:43:22","guid":{"rendered":"http:\/\/www.kunstgalerie-barbara.de\/Homepage\/blog2\/?page_id=15"},"modified":"2008-07-14T11:36:04","modified_gmt":"2008-07-14T09:36:04","slug":"nicht-kritiklos-mannliches-leistungsdenken-ubernehmen","status":"publish","type":"page","link":"http:\/\/www.kunstgalerie-barbara.de\/Homepage\/blog2\/nicht-kritiklos-mannliches-leistungsdenken-ubernehmen\/","title":{"rendered":"&#8230;nicht kritiklos m\u00e4nnliches Leistungsdenken \u00fcbernehmen"},"content":{"rendered":"<p>In unserer sogenannten Leistungsgesellschaft kommt Krankheit und Alter nicht vor. Und somit haben auch dieWechseljahre, sowohl der Frau als auch des Mannes einen au\u00dferordentlich schlechten Stand. \u00dcberhaupt wird alles verbanndt, was den perfekten Anschein befleckt. Dies hat, so meine ich viel mit m\u00e4nnlichem Verhalten zu tun.Warum aber um alles in der Welt \u00fcbernehmen wir Frauen so kritiklos das Leistungsverhalten der m\u00e4nnlichen Spezies und schaden uns damit!?!Ich vermag es mir nicht zu erkl\u00e4ren. Warum stehen wir nicht zu uns und unseren Schw\u00e4chen zu unserem Anderssein? Ich w\u00fcnsche mir mehr Frauen, die nicht kritiklos m\u00e4nnliches Denken \u00fcbernehmen, Frauen, die zu sich und ihrer gelegentlichen Schw\u00e4che stehen! Frauen, die sich nicht m\u00e4nnlichem Verhalten unterwerfen und es \u201cimitieren\u201d. Es ist kein Zeichen von Gleichberechtigung und St\u00e4rke so zu sein wie M\u00e4nner, sondern es ist eher ein Zeichen von Gleichberechtigung, zu sich selbst, seinen St\u00e4rken und seinen Schw\u00e4chen zu stehen!<\/p>\n","protected":false},"excerpt":{"rendered":"<p>In unserer sogenannten Leistungsgesellschaft kommt Krankheit und Alter nicht vor. Und somit haben auch dieWechseljahre, sowohl der Frau als auch des Mannes einen au\u00dferordentlich schlechten Stand. \u00dcberhaupt wird alles verbanndt, was den perfekten Anschein befleckt. Dies hat, so meine ich viel mit m\u00e4nnlichem Verhalten zu tun.Warum aber um alles in der Welt \u00fcbernehmen wir Frauen so kritiklos das Leistungsverhalten der m\u00e4nnlichen Spezies und schaden uns damit!?!Ich vermag es mir nicht zu erkl\u00e4ren. Warum stehen wir nicht zu uns und unseren Schw\u00e4chen zu unserem Anderssein? Ich w\u00fcnsche mir mehr Frauen, die nicht kritiklos m\u00e4nnliches Denken \u00fcbernehmen, Frauen, die zu sich und ihrer gelegentlichen Schw\u00e4che stehen! Frauen, die sich nicht m\u00e4nnlichem Verhalten unterwerfen und es \u201cimitieren\u201d. Es ist kein Zeichen von Gleichberechtigung und St\u00e4rke so zu sein wie M\u00e4nner, sondern es ist eher ein Zeichen von Gleichberechtigung, zu sich selbst, seinen St\u00e4rken und seinen Schw\u00e4chen zu stehen!<\/p>\n","protected":false},"author":1,"featured_media":0,"parent":0,"menu_order":18,"comment_status":"open","ping_status":"open","template":"","meta":[],"_links":{"self":[{"href":"http:\/\/www.kunstgalerie-barbara.de\/Homepage\/blog2\/wp-json\/wp\/v2\/pages\/15"}],"collection":[{"href":"http:\/\/www.kunstgalerie-barbara.de\/Homepage\/blog2\/wp-json\/wp\/v2\/pages"}],"about":[{"href":"http:\/\/www.kunstgalerie-barbara.de\/Homepage\/blog2\/wp-json\/wp\/v2\/types\/page"}],"author":[{"embeddable":true,"href":"http:\/\/www.kunstgalerie-barbara.de\/Homepage\/blog2\/wp-json\/wp\/v2\/users\/1"}],"replies":[{"embeddable":true,"href":"http:\/\/www.kunstgalerie-barbara.de\/Homepage\/blog2\/wp-json\/wp\/v2\/comments?post=15"}],"version-history":[{"count":0,"href":"http:\/\/www.kunstgalerie-barbara.de\/Homepage\/blog2\/wp-json\/wp\/v2\/pages\/15\/revisions"}],"wp:attachment":[{"href":"http:\/\/www.kunstgalerie-barbara.de\/Homepage\/blog2\/wp-json\/wp\/v2\/media?parent=15"}],"curies":[{"name":"wp","href":"https:\/\/api.w.org\/{rel}","templated":true}]}}