{"id":21,"date":"2008-07-13T18:48:51","date_gmt":"2008-07-13T16:48:51","guid":{"rendered":"http:\/\/www.kunstgalerie-barbara.de\/Homepage\/blog2\/?page_id=21"},"modified":"2008-07-30T16:21:45","modified_gmt":"2008-07-30T14:21:45","slug":"verwirrend-positive-cover","status":"publish","type":"page","link":"http:\/\/www.kunstgalerie-barbara.de\/Homepage\/blog2\/verwirrend-positive-cover\/","title":{"rendered":"Verwirrend positive Cover"},"content":{"rendered":"<p><a href=\"http:\/\/www.kunstgalerie-barbara.de\/Homepage\/blog2\/wp-content\/uploads\/2008\/07\/41pwak65xbl_sl500_aa240_.jpg\"><img loading=\"lazy\" class=\"size-thumbnail wp-image-58 alignleft\" title=\"41pwak65xbl_sl500_aa240_\" src=\"http:\/\/www.kunstgalerie-barbara.de\/Homepage\/blog2\/wp-content\/uploads\/2008\/07\/41pwak65xbl_sl500_aa240_-150x150.jpg\" alt=\"Das Hormonbuch\" width=\"150\" height=\"150\" \/><\/a><\/p>\n<p>Schaut man sich B\u00fccher an, die Wechseljahre zum Thema haben, kann man,<\/p>\n<p><a href=\"http:\/\/www.kunstgalerie-barbara.de\/Homepage\/blog2\/wp-content\/uploads\/2008\/07\/71qmhshxxbl_ss500_gif.jpg\"><img loading=\"lazy\" class=\"size-thumbnail wp-image-63 alignright\" title=\"71qmhshxxbl_ss500_gif\" src=\"http:\/\/www.kunstgalerie-barbara.de\/Homepage\/blog2\/wp-content\/uploads\/2008\/07\/71qmhshxxbl_ss500_gif-150x150.jpg\" alt=\"Unbeschwerte Wechseljahre\" width=\"150\" height=\"150\" \/><\/a><\/p>\n<p>Frau, \u00fcber die Cover nur staunen. Meist strahlen dem Betrachter oder besser der Betrachterin auf diesen Titelseiten Frauengesichter und K\u00f6rper entgegen, die mit der Normalfrau in der Zeit des Klimakteriums nicht viel gemein haben. Jede<\/p>\n<p>Frau, um die F\u00fcnfzig, die Rat sucht f\u00fcr ihre K\u00fcmmernisse und diversen k\u00f6rperlichen Beschwerden mu\u00df sich, ob dieser faltenlosen, strahlenden und optimistischen Gesch\u00f6pfe, verarscht f\u00fchlen. Was soll uns da suggeriert werden? Eine unproblematische Zeit des \u00dcbergangs und eine ewige Jugend? Die Wirklichkeit weicht doch wohl erheblich von diesem<\/p>\n<p><a href=\"http:\/\/www.kunstgalerie-barbara.de\/Homepage\/blog2\/wp-content\/uploads\/2008\/07\/51vsqz66srl_sl500_bo2204203200_pisitb-dp-500-arrowtopright45-64_ou03_aa240_sh20_.jpg\"><img loading=\"lazy\" class=\"size-thumbnail wp-image-60 alignleft\" title=\"51vsqz66srl_sl500_bo2204203200_pisitb-dp-500-arrowtopright45-64_ou03_aa240_sh20_\" src=\"http:\/\/www.kunstgalerie-barbara.de\/Homepage\/blog2\/wp-content\/uploads\/2008\/07\/51vsqz66srl_sl500_bo2204203200_pisitb-dp-500-arrowtopright45-64_ou03_aa240_sh20_-150x150.jpg\" alt=\"Pflanzliche Hormone f\u00fcr eine sch\u00f6ne Haut\" width=\"150\" height=\"150\" \/><\/a><\/p>\n<p>Bild ab. Wer denkt sich so einen unrealistischen Bl\u00f6dsinn aus? Welche Frau in den Wechseljahren kann sich mit Frauengesichtern indentifizieren, die eher wie drei\u00dfig anmuten, als f\u00fcnfzig und dar\u00fcber hinaus?<br \/>\nWas kommt da r\u00fcber? Das wir uns gef\u00e4lligst nach diesem Bild zu richten haben.<\/p>\n<p><a href=\"http:\/\/www.kunstgalerie-barbara.de\/Homepage\/blog2\/wp-content\/uploads\/2008\/07\/41eacvv08ql_sl500_aa240_.jpg\"><img loading=\"lazy\" class=\"size-thumbnail wp-image-61 alignright\" title=\"41eacvv08ql_sl500_aa240_\" src=\"http:\/\/www.kunstgalerie-barbara.de\/Homepage\/blog2\/wp-content\/uploads\/2008\/07\/41eacvv08ql_sl500_aa240_-150x150.jpg\" alt=\"Wechseljahre - was Frauen wissen sollten\" width=\"150\" height=\"150\" \/><\/a><\/p>\n<p>Das wir friedlich, optimistisch und sch\u00f6n zu sein haben in einer Zeit, die nicht unbedingt friedlich und sch\u00f6n ist. Ich glaube dieses Bild von Frauen haben wir nicht verdient, dies sollte der Vergangenheit angeh\u00f6ren.<\/p>\n","protected":false},"excerpt":{"rendered":"<p>Schaut man sich B\u00fccher an, die Wechseljahre zum Thema haben, kann man, Frau, \u00fcber die Cover nur staunen. Meist strahlen dem Betrachter oder besser der Betrachterin auf diesen Titelseiten Frauengesichter und K\u00f6rper entgegen, die mit der Normalfrau in der Zeit des Klimakteriums nicht viel gemein haben. Jede Frau, um die F\u00fcnfzig, die Rat sucht f\u00fcr ihre K\u00fcmmernisse und diversen k\u00f6rperlichen Beschwerden mu\u00df sich, ob dieser faltenlosen, strahlenden und optimistischen Gesch\u00f6pfe, verarscht f\u00fchlen. Was soll uns da suggeriert werden? Eine unproblematische Zeit des \u00dcbergangs und eine ewige Jugend? Die Wirklichkeit weicht doch wohl erheblich von diesem Bild ab. Wer denkt sich so einen unrealistischen Bl\u00f6dsinn aus? Welche Frau in den Wechseljahren kann sich mit Frauengesichtern indentifizieren, die eher wie drei\u00dfig anmuten, als f\u00fcnfzig und dar\u00fcber hinaus? Was kommt da r\u00fcber? Das wir uns gef\u00e4lligst nach diesem Bild zu richten haben. Das wir friedlich, optimistisch und sch\u00f6n zu sein haben in einer Zeit, die nicht unbedingt friedlich und sch\u00f6n ist. Ich glaube dieses Bild von Frauen haben wir nicht verdient, dies sollte der Vergangenheit angeh\u00f6ren.<\/p>\n","protected":false},"author":1,"featured_media":0,"parent":0,"menu_order":23,"comment_status":"open","ping_status":"open","template":"","meta":[],"_links":{"self":[{"href":"http:\/\/www.kunstgalerie-barbara.de\/Homepage\/blog2\/wp-json\/wp\/v2\/pages\/21"}],"collection":[{"href":"http:\/\/www.kunstgalerie-barbara.de\/Homepage\/blog2\/wp-json\/wp\/v2\/pages"}],"about":[{"href":"http:\/\/www.kunstgalerie-barbara.de\/Homepage\/blog2\/wp-json\/wp\/v2\/types\/page"}],"author":[{"embeddable":true,"href":"http:\/\/www.kunstgalerie-barbara.de\/Homepage\/blog2\/wp-json\/wp\/v2\/users\/1"}],"replies":[{"embeddable":true,"href":"http:\/\/www.kunstgalerie-barbara.de\/Homepage\/blog2\/wp-json\/wp\/v2\/comments?post=21"}],"version-history":[{"count":3,"href":"http:\/\/www.kunstgalerie-barbara.de\/Homepage\/blog2\/wp-json\/wp\/v2\/pages\/21\/revisions"}],"predecessor-version":[{"id":65,"href":"http:\/\/www.kunstgalerie-barbara.de\/Homepage\/blog2\/wp-json\/wp\/v2\/pages\/21\/revisions\/65"}],"wp:attachment":[{"href":"http:\/\/www.kunstgalerie-barbara.de\/Homepage\/blog2\/wp-json\/wp\/v2\/media?parent=21"}],"curies":[{"name":"wp","href":"https:\/\/api.w.org\/{rel}","templated":true}]}}