{"id":26,"date":"2008-07-13T18:51:31","date_gmt":"2008-07-13T16:51:31","guid":{"rendered":"http:\/\/www.kunstgalerie-barbara.de\/Homepage\/blog2\/?page_id=26"},"modified":"2011-01-15T06:32:44","modified_gmt":"2011-01-15T05:32:44","slug":"gleichberechtigung","status":"publish","type":"page","link":"http:\/\/www.kunstgalerie-barbara.de\/Homepage\/blog2\/gleichberechtigung\/","title":{"rendered":"Gleichberechtigung?"},"content":{"rendered":"<p>Zu oft h\u00f6re ich, wir Frauen h\u00e4tten so viel geschafft, \u201ck\u00f6nnten\u201d  heutzutage so unendlich \u201cmehr\u201d als noch vor Jahrzehnten, Originalton Alice Schwarzer.<br \/>\nIch bezweifle dies sehr. Zu welchem Preis k\u00f6nnen wir das? Was ist das f\u00fcr ein Fortschritt, in dem wir Frauen gezwungen sind, sich den Prinzipien der M\u00e4nner zu unterwerfen? Was ist das f\u00fcr ein Fortschritt, wenn wir gezwungen sind, in einer durch und durch m\u00e4nnlich gepr\u00e4gten Leistungsgesellschaft zu leben? Ist das Gleichberechtigung? Ich glaube nicht.<br \/>\nWir Frauen werden nach m\u00e4nnlichen Richtlinien beurteilt, die uns \u00fcberfordern ohne dass es den meisten klar w\u00e4re. Wir werden in ein m\u00e4nnliches Korsett gepesst und denken, es sei ein Fortschritt, eine Auszeichnung.<br \/>\nEs w\u00e4re zum Beispiel unendlich sch\u00f6n, die Freiheit zu haben, als Frau ungehindert und ohne Scheu seinen k\u00f6rperlichen Bed\u00fcrfnissen nachgehen zu k\u00f6nnen, bei der Menstruation beispielsweise, die mitunter sehr schmerzhaft verlaufen kann . Es w\u00e4re w\u00fcnschenswert, wenn Frau sich in dem Fall nicht mit Schmerzmittel vollgedr\u00f6hnt um jeden Preis zur Arbeit qu\u00e4len m\u00fc\u00dfte, um den Anschein zu erwecken, sie sei eine volleinsatzf\u00e4hige Arbeitskraft. Es ist halt keine Gleichberechtigung, wenn sie dies tun mu\u00df, sondern leider das Gegenteil davon.<br \/>\nWir wundern uns, dass nicht gen\u00fcgend Nachwuchs geboren wird, dass unsere westliche Zivilisation r\u00fcckg\u00e4ngig ist. Kein Wunder. In einer Gesellschaft, in der Frauen wie M\u00e4nner funktionieren m\u00fcssen, kann man sich nicht den Luxus leisten Kinder zu haben. Nach m\u00e4nnlichen Richtlinien funktionierende Wesen, geb\u00e4ren keine Kinder und nehmen die, zum Teil sehr m\u00fchseelige, Brutpflege auf sich.<br \/>\nEs ist auch kein Zeichen von Gleichberechtigung, wenn Frauen nur mit sehr viel \u00dcberwindung ihre Wechseljahre in der \u00d6ffentlichkeit leben k\u00f6nnen. Der Umwelt nur mit ebensolch gro\u00dfer \u00dcberwindung zu zeigen, dass sie nicht gut drauf sind, dass sie Schwei\u00dfausbr\u00fcche haben, gelegentlich mit starken Stimmungsschwankungen zu k\u00e4mpfen haben oder ihre Seele drepessiv danieder liegt.<br \/>\nWarum wird Frauen verwehrt Frauen zu sein, mit all dem, was Frau sein nun mal ausmacht? Warum, um alles in der Welt lassen wir Frauen uns dies klaglos gefallen?<\/p>\n","protected":false},"excerpt":{"rendered":"<p>Zu oft h\u00f6re ich, wir Frauen h\u00e4tten so viel geschafft, \u201ck\u00f6nnten\u201d heutzutage so unendlich \u201cmehr\u201d als noch vor Jahrzehnten, Originalton Alice Schwarzer. Ich bezweifle dies sehr. Zu welchem Preis k\u00f6nnen wir das? Was ist das f\u00fcr ein Fortschritt, in dem wir Frauen gezwungen sind, sich den Prinzipien der M\u00e4nner zu unterwerfen? Was ist das f\u00fcr ein Fortschritt, wenn wir gezwungen sind, in einer durch und durch m\u00e4nnlich gepr\u00e4gten Leistungsgesellschaft zu leben? Ist das Gleichberechtigung? Ich glaube nicht. Wir Frauen werden nach m\u00e4nnlichen Richtlinien beurteilt, die uns \u00fcberfordern ohne dass es den meisten klar w\u00e4re. Wir werden in ein m\u00e4nnliches Korsett gepesst und denken, es sei ein Fortschritt, eine Auszeichnung. Es w\u00e4re zum Beispiel unendlich sch\u00f6n, die Freiheit zu haben, als Frau ungehindert und ohne Scheu seinen k\u00f6rperlichen Bed\u00fcrfnissen nachgehen zu k\u00f6nnen, bei der Menstruation beispielsweise, die mitunter sehr schmerzhaft verlaufen kann . Es w\u00e4re w\u00fcnschenswert, wenn Frau sich in dem Fall nicht mit Schmerzmittel vollgedr\u00f6hnt um jeden Preis zur Arbeit qu\u00e4len m\u00fc\u00dfte, um den Anschein zu erwecken, sie sei eine volleinsatzf\u00e4hige Arbeitskraft. Es ist halt keine Gleichberechtigung, wenn sie dies tun mu\u00df, sondern leider das Gegenteil davon. Wir wundern uns, dass nicht gen\u00fcgend Nachwuchs geboren wird, dass unsere westliche Zivilisation r\u00fcckg\u00e4ngig ist. Kein Wunder. In einer Gesellschaft, in der Frauen wie M\u00e4nner funktionieren m\u00fcssen, kann man sich nicht den Luxus leisten Kinder zu haben. Nach m\u00e4nnlichen Richtlinien funktionierende Wesen, geb\u00e4ren keine Kinder und nehmen die, zum Teil sehr m\u00fchseelige, Brutpflege auf sich. Es ist auch kein Zeichen von Gleichberechtigung, wenn Frauen nur mit sehr viel \u00dcberwindung ihre Wechseljahre in der \u00d6ffentlichkeit leben k\u00f6nnen. Der Umwelt nur mit ebensolch gro\u00dfer \u00dcberwindung zu zeigen, dass sie nicht gut drauf sind, dass sie Schwei\u00dfausbr\u00fcche haben, gelegentlich mit starken Stimmungsschwankungen zu k\u00e4mpfen haben oder ihre Seele drepessiv danieder liegt. Warum wird Frauen verwehrt Frauen zu sein, mit all dem, was Frau sein nun mal ausmacht? Warum, um alles in der Welt lassen wir Frauen uns dies klaglos gefallen?<\/p>\n","protected":false},"author":1,"featured_media":0,"parent":0,"menu_order":29,"comment_status":"open","ping_status":"open","template":"","meta":[],"_links":{"self":[{"href":"http:\/\/www.kunstgalerie-barbara.de\/Homepage\/blog2\/wp-json\/wp\/v2\/pages\/26"}],"collection":[{"href":"http:\/\/www.kunstgalerie-barbara.de\/Homepage\/blog2\/wp-json\/wp\/v2\/pages"}],"about":[{"href":"http:\/\/www.kunstgalerie-barbara.de\/Homepage\/blog2\/wp-json\/wp\/v2\/types\/page"}],"author":[{"embeddable":true,"href":"http:\/\/www.kunstgalerie-barbara.de\/Homepage\/blog2\/wp-json\/wp\/v2\/users\/1"}],"replies":[{"embeddable":true,"href":"http:\/\/www.kunstgalerie-barbara.de\/Homepage\/blog2\/wp-json\/wp\/v2\/comments?post=26"}],"version-history":[{"count":2,"href":"http:\/\/www.kunstgalerie-barbara.de\/Homepage\/blog2\/wp-json\/wp\/v2\/pages\/26\/revisions"}],"predecessor-version":[{"id":324,"href":"http:\/\/www.kunstgalerie-barbara.de\/Homepage\/blog2\/wp-json\/wp\/v2\/pages\/26\/revisions\/324"}],"wp:attachment":[{"href":"http:\/\/www.kunstgalerie-barbara.de\/Homepage\/blog2\/wp-json\/wp\/v2\/media?parent=26"}],"curies":[{"name":"wp","href":"https:\/\/api.w.org\/{rel}","templated":true}]}}