{"id":36,"date":"2008-07-14T11:05:25","date_gmt":"2008-07-14T09:05:25","guid":{"rendered":"http:\/\/www.kunstgalerie-barbara.de\/Homepage\/blog2\/?page_id=36"},"modified":"2025-03-12T15:34:23","modified_gmt":"2025-03-12T14:34:23","slug":"personliches","status":"publish","type":"page","link":"http:\/\/www.kunstgalerie-barbara.de\/Homepage\/blog2\/personliches\/","title":{"rendered":"Pers\u00f6nliches"},"content":{"rendered":"<p style=\"text-align: center;\"><strong><big>Gedanken zum Klimakterium oder zu den sog. Wechseljahren<br \/>\nZun\u00e4chst ganz Pers\u00f6nliches&#8230;<\/big><\/strong><\/p>\n<ul>\n<li>Ich bin Baujahr 1948<br \/>\nMalerin und Fotografin<\/li>\n<li>nebenbei auch inzwischen Autorin einiger B\u00fccher<\/li>\n<li>habe einen 35 j\u00e4hrigen Sohn, der freie Kunst studiert hat,\u00a0 Fan\u00a0 Maschinen aller Art ist, sie repariert und dar\u00fcber Filme macht.<\/li>\n<li>eine 40 j\u00e4hrige Tochter, die Biologin ist, zus\u00e4tzlich Lehramt\u00a0 studiert und sich daneben auch fotografisch bet\u00e4tigt<\/li>\n<li>und last but not least bin ich seit 1982 verheiratet<\/li>\n<\/ul>\n","protected":false},"excerpt":{"rendered":"<p>Gedanken zum Klimakterium oder zu den sog. Wechseljahren Zun\u00e4chst ganz Pers\u00f6nliches&#8230; Ich bin Baujahr 1948 Malerin und Fotografin nebenbei auch inzwischen Autorin einiger B\u00fccher habe einen 35 j\u00e4hrigen Sohn, der freie Kunst studiert hat,\u00a0 Fan\u00a0 Maschinen aller Art ist, sie repariert und dar\u00fcber Filme macht. eine 40 j\u00e4hrige Tochter, die Biologin ist, zus\u00e4tzlich Lehramt\u00a0 studiert und sich daneben auch fotografisch bet\u00e4tigt und last but not least bin ich seit 1982 verheiratet<\/p>\n","protected":false},"author":1,"featured_media":0,"parent":0,"menu_order":3,"comment_status":"open","ping_status":"open","template":"","meta":[],"_links":{"self":[{"href":"http:\/\/www.kunstgalerie-barbara.de\/Homepage\/blog2\/wp-json\/wp\/v2\/pages\/36"}],"collection":[{"href":"http:\/\/www.kunstgalerie-barbara.de\/Homepage\/blog2\/wp-json\/wp\/v2\/pages"}],"about":[{"href":"http:\/\/www.kunstgalerie-barbara.de\/Homepage\/blog2\/wp-json\/wp\/v2\/types\/page"}],"author":[{"embeddable":true,"href":"http:\/\/www.kunstgalerie-barbara.de\/Homepage\/blog2\/wp-json\/wp\/v2\/users\/1"}],"replies":[{"embeddable":true,"href":"http:\/\/www.kunstgalerie-barbara.de\/Homepage\/blog2\/wp-json\/wp\/v2\/comments?post=36"}],"version-history":[{"count":13,"href":"http:\/\/www.kunstgalerie-barbara.de\/Homepage\/blog2\/wp-json\/wp\/v2\/pages\/36\/revisions"}],"predecessor-version":[{"id":953,"href":"http:\/\/www.kunstgalerie-barbara.de\/Homepage\/blog2\/wp-json\/wp\/v2\/pages\/36\/revisions\/953"}],"wp:attachment":[{"href":"http:\/\/www.kunstgalerie-barbara.de\/Homepage\/blog2\/wp-json\/wp\/v2\/media?parent=36"}],"curies":[{"name":"wp","href":"https:\/\/api.w.org\/{rel}","templated":true}]}}