{"id":37,"date":"2008-07-14T11:07:16","date_gmt":"2008-07-14T09:07:16","guid":{"rendered":"http:\/\/www.kunstgalerie-barbara.de\/Homepage\/blog2\/?page_id=37"},"modified":"2008-07-15T15:14:31","modified_gmt":"2008-07-15T13:14:31","slug":"literaturhinweise","status":"publish","type":"page","link":"http:\/\/www.kunstgalerie-barbara.de\/Homepage\/blog2\/literaturhinweise\/","title":{"rendered":"Literaturhinweise"},"content":{"rendered":"<p><span style=\"color: #ffff99;\"><strong><big>Jin Shin Jyutsu<\/big><\/strong><\/span><\/p>\n<p>Ilse-Maria-Fahrnow<br \/>\n<strong> Jin Shin Jyutsu<br \/>\nDie Heilkraft Ihrer H\u00e4nde<br \/>\nEin Praxisbuch<\/strong><br \/>\nKnaur MensSana Verlag<\/p>\n<p>Alice Burmeister\/Tom Monte<br \/>\n<strong> Heilende Ber\u00fchrung<br \/>\nK\u00f6rper, Seele und Geist<br \/>\nMit Jin Shin Jyutsu behandeln<\/strong><br \/>\nKnaur MensSana<\/p>\n<p><span style=\"color: #ffff99;\"><strong><big>Hom\u00f6opathie<\/big><\/strong><\/span><\/p>\n<p>Georgos Vithoulkas<br \/>\n<strong> Medizin der Zukunft<\/strong><br \/>\nGeorg Wenderoth Verlag<\/p>\n<p>Dr. med Maesimund B. Panos\/Jane Heimlich<br \/>\n<strong> Hom\u00f6opathische Hausapotheke<br \/>\nAlternative Heilmethoden<br \/>\nmit nat\u00fcrlichen Arzneimitteln<\/strong><br \/>\nHeyne Verlag<\/p>\n<p><span style=\"color: #ffff99;\"><strong><big>Feldenkrais<\/big><\/strong><\/span><\/p>\n<p>Moshe Feldenkrais<br \/>\n<strong> Das starke Selbst<\/strong><br \/>\nsuhrkamp Verlag<\/p>\n<p>Moshe Feldenkrais<br \/>\n<strong> Bewu\u00dftheit durch Bewegung<\/strong><br \/>\nsuhrkamp Verlag<\/p>\n<p>Frank Wildman<br \/>\n<strong> Feldenkrais &#8211; \u00dcbungen f\u00fcr jeden Tag<\/strong><br \/>\nFischer Tb. Verlag<\/p>\n<p><span style=\"color: #ffff99;\"><strong><big>Hormone<\/big><\/strong><\/span><\/p>\n<p>Silvia Schneider<br \/>\n<strong> Tatort Frau-Der gro\u00dfe Hormonschwindel<\/strong><br \/>\nUeberreuter Verlag<\/p>\n","protected":false},"excerpt":{"rendered":"<p>Jin Shin Jyutsu Ilse-Maria-Fahrnow Jin Shin Jyutsu Die Heilkraft Ihrer H\u00e4nde Ein Praxisbuch Knaur MensSana Verlag Alice Burmeister\/Tom Monte Heilende Ber\u00fchrung K\u00f6rper, Seele und Geist Mit Jin Shin Jyutsu behandeln Knaur MensSana Hom\u00f6opathie Georgos Vithoulkas Medizin der Zukunft Georg Wenderoth Verlag Dr. med Maesimund B. Panos\/Jane Heimlich Hom\u00f6opathische Hausapotheke Alternative Heilmethoden mit nat\u00fcrlichen Arzneimitteln Heyne Verlag Feldenkrais Moshe Feldenkrais Das starke Selbst suhrkamp Verlag Moshe Feldenkrais Bewu\u00dftheit durch Bewegung suhrkamp Verlag Frank Wildman Feldenkrais &#8211; \u00dcbungen f\u00fcr jeden Tag Fischer Tb. Verlag Hormone Silvia Schneider Tatort Frau-Der gro\u00dfe Hormonschwindel Ueberreuter Verlag<\/p>\n","protected":false},"author":1,"featured_media":0,"parent":0,"menu_order":34,"comment_status":"open","ping_status":"open","template":"","meta":[],"_links":{"self":[{"href":"http:\/\/www.kunstgalerie-barbara.de\/Homepage\/blog2\/wp-json\/wp\/v2\/pages\/37"}],"collection":[{"href":"http:\/\/www.kunstgalerie-barbara.de\/Homepage\/blog2\/wp-json\/wp\/v2\/pages"}],"about":[{"href":"http:\/\/www.kunstgalerie-barbara.de\/Homepage\/blog2\/wp-json\/wp\/v2\/types\/page"}],"author":[{"embeddable":true,"href":"http:\/\/www.kunstgalerie-barbara.de\/Homepage\/blog2\/wp-json\/wp\/v2\/users\/1"}],"replies":[{"embeddable":true,"href":"http:\/\/www.kunstgalerie-barbara.de\/Homepage\/blog2\/wp-json\/wp\/v2\/comments?post=37"}],"version-history":[{"count":0,"href":"http:\/\/www.kunstgalerie-barbara.de\/Homepage\/blog2\/wp-json\/wp\/v2\/pages\/37\/revisions"}],"wp:attachment":[{"href":"http:\/\/www.kunstgalerie-barbara.de\/Homepage\/blog2\/wp-json\/wp\/v2\/media?parent=37"}],"curies":[{"name":"wp","href":"https:\/\/api.w.org\/{rel}","templated":true}]}}